{"id":65,"date":"2019-09-06T10:22:54","date_gmt":"2019-09-06T10:22:54","guid":{"rendered":"https:\/\/sitkatheme.com\/main\/?page_id=65"},"modified":"2021-10-11T13:02:44","modified_gmt":"2021-10-11T13:02:44","slug":"home-3","status":"publish","type":"page","link":"https:\/\/mikroturk.com\/site\/sedatbiga\/","title":{"rendered":"homepage"},"content":{"rendered":"\n<h3 class=\"has-text-align-center\" style=\"font-size:24px\">SEDAT B\u0130GA<\/h3>\n\n\n\n<p class=\"has-text-align-center\">1990 y\u0131l\u0131ndan beri sekt\u00f6r\u00fcn i\u00e7inde olan Sedat Biga, \u00fcnl\u00fc modac\u0131lar Y\u0131ld\u0131r\u0131m Mayruk, Cemil \u0130pek\u00e7i, Vural G\u00f6k\u00e7ayl\u0131, Barbaros \u015eansal, Cengiz Abazo\u011flu ile ortak projelerde yer alm\u0131\u015ft\u0131r. Eurovision \u015eark\u0131 Yar\u0131\u015fmas\u0131, Japonya\u2019da T\u00fcrk Y\u0131l\u0131 \u201cModa Show\u201d, Paris\u2019te Haut Coiffeur Fran\u00e7ais Moda Show ve Rotterdam\u2019da Hollanda Krali\u00e7esi onuruna d\u00fczenlenen \u00f6zel defilerde sa\u00e7 tasar\u0131mlar\u0131 yapm\u0131\u015ft\u0131r.<\/p>\n\n\n\n<div class=\"wp-block-buttons is-content-justification-center\">\n<div class=\"wp-block-button\"><a class=\"wp-block-button__link\" href=\"https:\/\/mikroturk.com\/site\/sedatbiga\/sedat-biga-hakkinda\">DEVAMI<\/a><\/div>\n<\/div>\n\n\n\n<div style=\"height:80px\" aria-hidden=\"true\" class=\"wp-block-spacer\"><\/div>\n","protected":false},"excerpt":{"rendered":"<p>SEDAT B\u0130GA 1990 y\u0131l\u0131ndan beri sekt\u00f6r\u00fcn i\u00e7inde olan Sedat Biga, \u00fcnl\u00fc modac\u0131lar Y\u0131ld\u0131r\u0131m Mayruk, Cemil \u0130pek\u00e7i, Vural G\u00f6k\u00e7ayl\u0131, Barbaros \u015eansal, Cengiz Abazo\u011flu ile ortak projelerde yer alm\u0131\u015ft\u0131r. Eurovision \u015eark\u0131 Yar\u0131\u015fmas\u0131, Japonya\u2019da T\u00fcrk Y\u0131l\u0131 \u201cModa Show\u201d, Paris\u2019te Haut Coiffeur Fran\u00e7ais Moda Show ve Rotterdam\u2019da Hollanda Krali\u00e7esi onuruna d\u00fczenlenen \u00f6zel defilerde sa\u00e7 tasar\u0131mlar\u0131 yapm\u0131\u015ft\u0131r.<\/p>\n","protected":false},"author":1,"featured_media":0,"parent":0,"menu_order":0,"comment_status":"closed","ping_status":"closed","template":"","meta":[],"_links":{"self":[{"href":"https:\/\/mikroturk.com\/site\/sedatbiga\/wp-json\/wp\/v2\/pages\/65"}],"collection":[{"href":"https:\/\/mikroturk.com\/site\/sedatbiga\/wp-json\/wp\/v2\/pages"}],"about":[{"href":"https:\/\/mikroturk.com\/site\/sedatbiga\/wp-json\/wp\/v2\/types\/page"}],"author":[{"embeddable":true,"href":"https:\/\/mikroturk.com\/site\/sedatbiga\/wp-json\/wp\/v2\/users\/1"}],"replies":[{"embeddable":true,"href":"https:\/\/mikroturk.com\/site\/sedatbiga\/wp-json\/wp\/v2\/comments?post=65"}],"version-history":[{"count":252,"href":"https:\/\/mikroturk.com\/site\/sedatbiga\/wp-json\/wp\/v2\/pages\/65\/revisions"}],"predecessor-version":[{"id":3082,"href":"https:\/\/mikroturk.com\/site\/sedatbiga\/wp-json\/wp\/v2\/pages\/65\/revisions\/3082"}],"wp:attachment":[{"href":"https:\/\/mikroturk.com\/site\/sedatbiga\/wp-json\/wp\/v2\/media?parent=65"}],"curies":[{"name":"wp","href":"https:\/\/api.w.org\/{rel}","templated":true}]}}