{"id":530,"date":"2019-09-15T20:50:03","date_gmt":"2019-09-15T20:50:03","guid":{"rendered":"https:\/\/sitkatheme.com\/main\/?page_id=530"},"modified":"2021-10-07T06:02:46","modified_gmt":"2021-10-07T06:02:46","slug":"iletisim","status":"publish","type":"page","link":"https:\/\/mikroturk.com\/site\/sedatbiga\/iletisim\/","title":{"rendered":"B\u0130ZE ULA\u015eIN"},"content":{"rendered":"\n<h5 class=\"has-text-align-center\">\u0130STANBUL N\u0130\u015eANTA\u015eI<\/h5>\n\n\n\n<hr class=\"wp-block-separator is-style-wide\"\/>\n\n\n\n<div class=\"wp-block-columns\">\n<div class=\"wp-block-column\">\n<figure class=\"wp-block-image size-full\"><img loading=\"lazy\" width=\"700\" height=\"525\" src=\"https:\/\/mikroturk.com\/site\/sedatbiga\/wp-content\/uploads\/2021\/10\/istanbul-nisantasi.jpg\" alt=\"\" class=\"wp-image-2705\" srcset=\"https:\/\/mikroturk.com\/site\/sedatbiga\/wp-content\/uploads\/2021\/10\/istanbul-nisantasi.jpg 700w, https:\/\/mikroturk.com\/site\/sedatbiga\/wp-content\/uploads\/2021\/10\/istanbul-nisantasi-300x225.jpg 300w\" sizes=\"(max-width: 700px) 100vw, 700px\" \/><figcaption><br>Harbiye mh. Atiye sk. no:7 \u015ei\u015fli\/\u0130stanbul<br>0532 560 14 57<br>info@sedatbiga.com<\/figcaption><\/figure>\n<\/div>\n\n\n\n<div class=\"wp-block-column\">\n<iframe loading=\"lazy\" frameborder=\"0\" scrolling=\"no\" marginheight=\"0\" marginwidth=\"0\" width=\"100%\" height=\"500\" src=\"https:\/\/maps.google.com\/maps?q=Te%C5%9Fvikiye%20mh.%20Atiye%20sk.%20no%3A7%20d%3A1%2F3%20%C5%9Ei%C5%9Fli%2F%C4%B0stanbul&amp;t=m&amp;z=15&amp;output=embed&amp;iwloc=near\" title=\"%3$s\" aria-label=\"%3$s\" style=\"margin-top:29px\"><\/iframe>\n<\/div>\n<\/div>\n\n\n\n<hr class=\"wp-block-separator is-style-wide\"\/>\n\n\n\n<h5 class=\"has-text-align-center\">\u0130ZM\u0130R KONAK<\/h5>\n\n\n\n<hr class=\"wp-block-separator is-style-wide\"\/>\n\n\n\n<div class=\"wp-block-columns\">\n<div class=\"wp-block-column\">\n<figure class=\"wp-block-image size-full\"><img loading=\"lazy\" width=\"1024\" height=\"768\" src=\"https:\/\/mikroturk.com\/site\/sedatbiga\/wp-content\/uploads\/2021\/10\/izmir-konak.jpeg\" alt=\"\" class=\"wp-image-2743\" srcset=\"https:\/\/mikroturk.com\/site\/sedatbiga\/wp-content\/uploads\/2021\/10\/izmir-konak.jpeg 1024w, https:\/\/mikroturk.com\/site\/sedatbiga\/wp-content\/uploads\/2021\/10\/izmir-konak-300x225.jpeg 300w, https:\/\/mikroturk.com\/site\/sedatbiga\/wp-content\/uploads\/2021\/10\/izmir-konak-768x576.jpeg 768w\" sizes=\"(max-width: 1024px) 100vw, 1024px\" \/><figcaption><br>K\u00fclt\u00fcr Mah. 1382 Sok.No:14\/A Konak\/\u0130zmir<br>0534 820 71 17<br>info@sedatbiga.com<\/figcaption><\/figure>\n<\/div>\n\n\n\n<div class=\"wp-block-column\">\n<iframe loading=\"lazy\" frameborder=\"0\" scrolling=\"no\" marginheight=\"0\" marginwidth=\"0\" width=\"100%\" height=\"500\" src=\"https:\/\/maps.google.com\/maps?q=K%C3%BClt%C3%BCr%20Mah.%201382%20Sok.No%3A14%2FA%2035220%20KONAK%20%2F%C4%B0ZM%C4%B0R&amp;t=m&amp;z=15&amp;output=embed&amp;iwloc=near\" title=\"%3$s\" aria-label=\"%3$s\" style=\"margin-top:29px\"><\/iframe>\n<\/div>\n<\/div>\n\n\n\n<hr class=\"wp-block-separator is-style-wide\"\/>\n\n\n\n<h5 class=\"has-text-align-center\">FETH\u0130YE H\u0130LLS\u0130DE<\/h5>\n\n\n\n<hr class=\"wp-block-separator is-style-wide\"\/>\n\n\n\n<div class=\"wp-block-columns\">\n<div class=\"wp-block-column\">\n<figure class=\"wp-block-image size-full\"><img loading=\"lazy\" width=\"1024\" height=\"768\" src=\"https:\/\/mikroturk.com\/site\/sedatbiga\/wp-content\/uploads\/2021\/10\/fethiye-hillside.jpeg\" alt=\"\" class=\"wp-image-2746\" srcset=\"https:\/\/mikroturk.com\/site\/sedatbiga\/wp-content\/uploads\/2021\/10\/fethiye-hillside.jpeg 1024w, https:\/\/mikroturk.com\/site\/sedatbiga\/wp-content\/uploads\/2021\/10\/fethiye-hillside-300x225.jpeg 300w, https:\/\/mikroturk.com\/site\/sedatbiga\/wp-content\/uploads\/2021\/10\/fethiye-hillside-768x576.jpeg 768w\" sizes=\"(max-width: 1024px) 100vw, 1024px\" \/><figcaption><br>Fethiye \u2013 Belen Mah. Belen Cad. Kalemya Koyu Hilliside Beach Club Fethiye\/Mu\u011fla<br>info@sedatbiga.com<\/figcaption><\/figure>\n<\/div>\n\n\n\n<div class=\"wp-block-column\">\n<iframe loading=\"lazy\" frameborder=\"0\" scrolling=\"no\" marginheight=\"0\" marginwidth=\"0\" width=\"100%\" height=\"500\" src=\"https:\/\/maps.google.com\/maps?q=Fethiye%20%E2%80%93%20Belen%20Mah.%20Belen%20Cad.%20Kalemya%20Koyu%20Hilliside%20Beach%20Club%20FETH%C4%B0YE%20%2F%20MU%C4%9ELA&amp;t=m&amp;z=15&amp;output=embed&amp;iwloc=near\" title=\"%3$s\" aria-label=\"%3$s\" style=\"margin-top:29px\"><\/iframe>\n<\/div>\n<\/div>\n\n\n<div role=\"form\" class=\"wpcf7\" id=\"wpcf7-f465-o1\" lang=\"en-US\" dir=\"ltr\">\n<div class=\"screen-reader-response\"><p role=\"status\" aria-live=\"polite\" aria-atomic=\"true\"><\/p> <ul><\/ul><\/div>\n<form action=\"\/site\/sedatbiga\/wp-json\/wp\/v2\/pages\/530#wpcf7-f465-o1\" method=\"post\" class=\"wpcf7-form init\" novalidate=\"novalidate\" data-status=\"init\">\n<div style=\"display: none;\">\n<input type=\"hidden\" name=\"_wpcf7\" value=\"465\" \/>\n<input type=\"hidden\" name=\"_wpcf7_version\" value=\"5.4.2\" \/>\n<input type=\"hidden\" name=\"_wpcf7_locale\" value=\"en_US\" \/>\n<input type=\"hidden\" name=\"_wpcf7_unit_tag\" value=\"wpcf7-f465-o1\" \/>\n<input type=\"hidden\" name=\"_wpcf7_container_post\" value=\"0\" \/>\n<input type=\"hidden\" name=\"_wpcf7_posted_data_hash\" value=\"\" \/>\n<\/div>\n<p><label> Ad\u0131n\u0131z (GEREKL\u0130)<br \/>\n    <span class=\"wpcf7-form-control-wrap your-name\"><input type=\"text\" name=\"your-name\" value=\"\" size=\"40\" class=\"wpcf7-form-control wpcf7-text wpcf7-validates-as-required\" aria-required=\"true\" aria-invalid=\"false\" \/><\/span> <\/label><\/p>\n<p><label> E-Posta Adresiniz (GEREKL\u0130)<br \/>\n    <span class=\"wpcf7-form-control-wrap your-email\"><input type=\"email\" name=\"your-email\" value=\"\" size=\"40\" class=\"wpcf7-form-control wpcf7-text wpcf7-email wpcf7-validates-as-required wpcf7-validates-as-email\" aria-required=\"true\" aria-invalid=\"false\" \/><\/span> <\/label><\/p>\n<p><label> Konu<br \/>\n    <span class=\"wpcf7-form-control-wrap your-subject\"><input type=\"text\" name=\"your-subject\" value=\"\" size=\"40\" class=\"wpcf7-form-control wpcf7-text\" aria-invalid=\"false\" \/><\/span> <\/label><\/p>\n<p><label> Mesaj\u0131n\u0131z<br \/>\n    <span class=\"wpcf7-form-control-wrap your-message\"><textarea name=\"your-message\" cols=\"40\" rows=\"10\" class=\"wpcf7-form-control wpcf7-textarea\" aria-invalid=\"false\"><\/textarea><\/span> <\/label><\/p>\n<p><input type=\"submit\" value=\"G\u00f6nder\" class=\"wpcf7-form-control wpcf7-submit\" \/><\/p>\n<div class=\"wpcf7-response-output\" aria-hidden=\"true\"><\/div><\/form><\/div>\n","protected":false},"excerpt":{"rendered":"<p>\u0130STANBUL N\u0130\u015eANTA\u015eI \u0130ZM\u0130R KONAK FETH\u0130YE H\u0130LLS\u0130DE<\/p>\n","protected":false},"author":1,"featured_media":2868,"parent":0,"menu_order":0,"comment_status":"closed","ping_status":"closed","template":"","meta":[],"_links":{"self":[{"href":"https:\/\/mikroturk.com\/site\/sedatbiga\/wp-json\/wp\/v2\/pages\/530"}],"collection":[{"href":"https:\/\/mikroturk.com\/site\/sedatbiga\/wp-json\/wp\/v2\/pages"}],"about":[{"href":"https:\/\/mikroturk.com\/site\/sedatbiga\/wp-json\/wp\/v2\/types\/page"}],"author":[{"embeddable":true,"href":"https:\/\/mikroturk.com\/site\/sedatbiga\/wp-json\/wp\/v2\/users\/1"}],"replies":[{"embeddable":true,"href":"https:\/\/mikroturk.com\/site\/sedatbiga\/wp-json\/wp\/v2\/comments?post=530"}],"version-history":[{"count":110,"href":"https:\/\/mikroturk.com\/site\/sedatbiga\/wp-json\/wp\/v2\/pages\/530\/revisions"}],"predecessor-version":[{"id":2865,"href":"https:\/\/mikroturk.com\/site\/sedatbiga\/wp-json\/wp\/v2\/pages\/530\/revisions\/2865"}],"wp:featuredmedia":[{"embeddable":true,"href":"https:\/\/mikroturk.com\/site\/sedatbiga\/wp-json\/wp\/v2\/media\/2868"}],"wp:attachment":[{"href":"https:\/\/mikroturk.com\/site\/sedatbiga\/wp-json\/wp\/v2\/media?parent=530"}],"curies":[{"name":"wp","href":"https:\/\/api.w.org\/{rel}","templated":true}]}}