{"id":2939,"date":"2021-10-07T05:55:21","date_gmt":"2021-10-07T05:55:21","guid":{"rendered":"https:\/\/mikroturk.com\/site\/sedatbiga\/?page_id=2939"},"modified":"2021-10-07T06:02:19","modified_gmt":"2021-10-07T06:02:19","slug":"vip-rezervasyon","status":"publish","type":"page","link":"https:\/\/mikroturk.com\/site\/sedatbiga\/vip-rezervasyon\/","title":{"rendered":"VIP REZERVASYON"},"content":{"rendered":"\n<div class=\"wp-block-columns\">\n<div class=\"wp-block-column\">\n<p>\u015eehir d\u0131\u015f\u0131ndan ya da ba\u015fka \u00fclkelerden gelen misafirlerimiz i\u00e7in birinci s\u0131n\u0131f hizmeti, birinci s\u0131n\u0131f kar\u015f\u0131lama ile tamamlamay\u0131 uygun g\u00f6rd\u00fck. Misafirlerimizi,&nbsp;<strong>\u0130stanbul Havaliman\u0131<\/strong>\u2019ndan ve&nbsp;<strong>Sabiha G\u00f6k\u00e7en Havaliman\u0131<\/strong>\u2019ndan \u00fccretsiz olarak, \u00f6zel transfer arac\u0131m\u0131z ile kar\u015f\u0131l\u0131yoruz.<\/p>\n\n\n\n<p>G\u00f6sterdi\u011finiz yo\u011fun ilgi i\u00e7in \u00e7ok te\u015fekk\u00fcr ederim.<\/p>\n\n\n\n<blockquote class=\"wp-block-quote\"><p><em><em>Bilgi ve Rezervasyon i\u00e7in:<\/em><\/em><br>0532 560 14 57<\/p><\/blockquote>\n<\/div>\n\n\n\n<div class=\"wp-block-column\">\n<figure class=\"wp-block-image size-full\"><img loading=\"lazy\" width=\"1024\" height=\"576\" src=\"https:\/\/mikroturk.com\/site\/sedatbiga\/wp-content\/uploads\/2021\/10\/vip-rezervasyon.jpg\" alt=\"\" class=\"wp-image-2955\" srcset=\"https:\/\/mikroturk.com\/site\/sedatbiga\/wp-content\/uploads\/2021\/10\/vip-rezervasyon.jpg 1024w, https:\/\/mikroturk.com\/site\/sedatbiga\/wp-content\/uploads\/2021\/10\/vip-rezervasyon-300x169.jpg 300w, https:\/\/mikroturk.com\/site\/sedatbiga\/wp-content\/uploads\/2021\/10\/vip-rezervasyon-768x432.jpg 768w\" sizes=\"(max-width: 1024px) 100vw, 1024px\" \/><\/figure>\n<\/div>\n<\/div>\n\n\n\n<div class=\"wp-block-buttons is-content-justification-center\">\n<div class=\"wp-block-button\"><a class=\"wp-block-button__link\" href=\"https:\/\/mikroturk.com\/site\/sedatbiga\/iletisim\">\u0130LET\u0130\u015e\u0130ME GE\u00c7<\/a><\/div>\n<\/div>\n","protected":false},"excerpt":{"rendered":"<p>\u015eehir d\u0131\u015f\u0131ndan ya da ba\u015fka \u00fclkelerden gelen misafirlerimiz i\u00e7in birinci s\u0131n\u0131f hizmeti, birinci s\u0131n\u0131f kar\u015f\u0131lama ile tamamlamay\u0131 uygun g\u00f6rd\u00fck. Misafirlerimizi,&nbsp;\u0130stanbul Havaliman\u0131\u2019ndan ve&nbsp;Sabiha G\u00f6k\u00e7en Havaliman\u0131\u2019ndan \u00fccretsiz olarak, \u00f6zel transfer arac\u0131m\u0131z ile kar\u015f\u0131l\u0131yoruz. G\u00f6sterdi\u011finiz yo\u011fun ilgi i\u00e7in \u00e7ok te\u015fekk\u00fcr ederim. Bilgi ve Rezervasyon i\u00e7in:0532 560 14 57<\/p>\n","protected":false},"author":1,"featured_media":0,"parent":0,"menu_order":0,"comment_status":"closed","ping_status":"closed","template":"","meta":[],"_links":{"self":[{"href":"https:\/\/mikroturk.com\/site\/sedatbiga\/wp-json\/wp\/v2\/pages\/2939"}],"collection":[{"href":"https:\/\/mikroturk.com\/site\/sedatbiga\/wp-json\/wp\/v2\/pages"}],"about":[{"href":"https:\/\/mikroturk.com\/site\/sedatbiga\/wp-json\/wp\/v2\/types\/page"}],"author":[{"embeddable":true,"href":"https:\/\/mikroturk.com\/site\/sedatbiga\/wp-json\/wp\/v2\/users\/1"}],"replies":[{"embeddable":true,"href":"https:\/\/mikroturk.com\/site\/sedatbiga\/wp-json\/wp\/v2\/comments?post=2939"}],"version-history":[{"count":19,"href":"https:\/\/mikroturk.com\/site\/sedatbiga\/wp-json\/wp\/v2\/pages\/2939\/revisions"}],"predecessor-version":[{"id":2962,"href":"https:\/\/mikroturk.com\/site\/sedatbiga\/wp-json\/wp\/v2\/pages\/2939\/revisions\/2962"}],"wp:attachment":[{"href":"https:\/\/mikroturk.com\/site\/sedatbiga\/wp-json\/wp\/v2\/media?parent=2939"}],"curies":[{"name":"wp","href":"https:\/\/api.w.org\/{rel}","templated":true}]}}